{"id":80,"date":"2014-07-16T16:09:36","date_gmt":"2014-07-16T16:09:36","guid":{"rendered":"http:\/\/josueavalos.com\/?page_id=80"},"modified":"2014-08-12T10:02:12","modified_gmt":"2014-08-12T10:02:12","slug":"biografia","status":"publish","type":"page","link":"http:\/\/josueavalos.com\/?page_id=80","title":{"rendered":"Biograf\u00eda"},"content":{"rendered":"<p>El mexicano Josu\u00e9 Avalos es conocido en Alemania sobre todo por su trayectoria como m\u00fasico, ya sea en los grupos La Papa Verde y chupacabras o en las lecturas que realiza con el colectivo Tonali, en las cuales se combina la poes\u00eda y la m\u00fasica. En el a\u00f1o 2012 public\u00f3 su primer disco en solitario \u201cEscafandra\u201d y en el 2014 el segundo \u201cAl garete\u201d. Pero es tambi\u00e9n alguien muy activo en el aspecto pol\u00edtico. Es miembro del proyecto \u201c Derechos humanos en M\u00e9xico\u201d de la casa de todos los mundos en Colonia (Allerweltshaus K\u00f6ln e.V) proyecto que en cooperaci\u00f3n con la iniciativa Colonia\/Bonn organiza diversos eventos informativos acerca de la dificil situaci\u00f3n actual en M\u00e9xico.<\/p>\n<div class=\"columnas\">\u201cEscafandra\u201d es el t\u00edtulo que Josu\u00e9 Avalos le ha dado a su primer \u00e1lbum como solista. Su \u201c\u00f3pera prima\u201d en el mundo de la canci\u00f3n de autor.<br \/>\nY es que \u201cEscafandra\u201d es pura canci\u00f3n de autor. Sus 10 canciones se pudieran resumir como la vida de un joven con experiencia y sensibilidad de anciano sabio; sin suelo preciso, pero con todo el mundo a sus hombros. El disco resume las inquietudes de un poeta de nuestros d\u00edas, de la vida, de la muerte, de la cotidianidad. De un poeta que se hace acompa\u00f1ar por su guitarra -y a veces- por amigos como si descargaran en privado.<br \/>\nY ese largo camino pasa por los m\u00e1s rec\u00f3nditos puntos musicales de la tradici\u00f3n de trovadores latinoamericanos -y esto- sin abusar de ello. Desde un bolero, Huapango, son o simplemente una canci\u00f3n logran su espacio en el disco con una humildad, sinceridad y sencillez abrumadora.<br \/>\nLester Cano. Colonia Diciembre 2011<\/p>\n<p>\u201cAl garete\u201d, es una expresi\u00f3n muy latinoamericana. Anuncia lo perdido, el fracaso \u00f3 el extrav\u00edo de algo y hasta de uno mismo.<br \/>\nComo para darnos la seguridad que no nos hundiremos la m\u00fasica de \u201cAl garete\u201d aparece como un faro salvador en este mar de percances, inseguridades y laberintos de nuestro tiempo, es un horizonte de canciones sin enga\u00f1os electr\u00f3nicos, sin otra pretensi\u00f3n que no sea llegar al coraz\u00f3n de quien las escucha.<\/p>\n<p>\u201cAl garete\u201d nos da la luz, nos sumerge en canciones por segundos extra\u00f1as, pero humildes; por instantes cr\u00edticas; por momentos enamoradas, dolorosas; pero por siempre canciones esperanzadoras, sinceras, canciones de verdad. Es la esperanza de que no todo est\u00e1 dicho, de que no todo est\u00e1 perdido. Es la certeza de que estamos, de que tenemos un lugar, un talism\u00e1n.<br \/>\nLester Cano\n<\/p><\/div>\n","protected":false},"excerpt":{"rendered":"<p>El mexicano Josu\u00e9 Avalos es conocido en Alemania sobre todo por su trayectoria como m\u00fasico, ya sea en los grupos La Papa Verde y chupacabras o en las lecturas que realiza con el colectivo Tonali, en las cuales se combina la poes\u00eda y la m\u00fasica. En el a\u00f1o 2012 public\u00f3 su primer disco en solitario \u201cEscafandra\u201d y en el 2014 el segundo \u201cAl garete\u201d. Pero es tambi\u00e9n alguien muy activo en el aspecto pol\u00edtico. Es miembro del proyecto \u201c Derechos humanos en M\u00e9xico\u201d de la casa de todos los mundos en Colonia (Allerweltshaus K\u00f6ln e.V) proyecto que en cooperaci\u00f3n con la iniciativa Colonia\/Bonn organiza diversos eventos informativos acerca de la dificil situaci\u00f3n actual en M\u00e9xico. \u201cEscafandra\u201d es el t\u00edtulo que Josu\u00e9 Avalos le ha dado a su primer \u00e1lbum como solista. Su \u201c\u00f3pera prima\u201d en el mundo de la canci\u00f3n de autor. Y es que \u201cEscafandra\u201d es pura canci\u00f3n de &hellip;<\/p>\n","protected":false},"author":1,"featured_media":0,"parent":0,"menu_order":0,"comment_status":"open","ping_status":"closed","template":"","meta":[],"_links":{"self":[{"href":"http:\/\/josueavalos.com\/index.php?rest_route=\/wp\/v2\/pages\/80"}],"collection":[{"href":"http:\/\/josueavalos.com\/index.php?rest_route=\/wp\/v2\/pages"}],"about":[{"href":"http:\/\/josueavalos.com\/index.php?rest_route=\/wp\/v2\/types\/page"}],"author":[{"embeddable":true,"href":"http:\/\/josueavalos.com\/index.php?rest_route=\/wp\/v2\/users\/1"}],"replies":[{"embeddable":true,"href":"http:\/\/josueavalos.com\/index.php?rest_route=%2Fwp%2Fv2%2Fcomments&post=80"}],"version-history":[{"count":9,"href":"http:\/\/josueavalos.com\/index.php?rest_route=\/wp\/v2\/pages\/80\/revisions"}],"predecessor-version":[{"id":142,"href":"http:\/\/josueavalos.com\/index.php?rest_route=\/wp\/v2\/pages\/80\/revisions\/142"}],"wp:attachment":[{"href":"http:\/\/josueavalos.com\/index.php?rest_route=%2Fwp%2Fv2%2Fmedia&parent=80"}],"curies":[{"name":"wp","href":"https:\/\/api.w.org\/{rel}","templated":true}]}}